{"id":2167,"date":"2023-08-16T23:08:23","date_gmt":"2023-08-16T21:08:23","guid":{"rendered":"https:\/\/wpress.mikron.edu.pl\/?page_id=2167"},"modified":"2023-08-19T21:17:44","modified_gmt":"2023-08-19T19:17:44","slug":"slownik","status":"publish","type":"page","link":"https:\/\/wpress.mikron.edu.pl\/index.php\/slownik\/","title":{"rendered":"S\u0142ownik"},"content":{"rendered":"\t\t<div data-elementor-type=\"wp-page\" data-elementor-id=\"2167\" class=\"elementor elementor-2167\">\n\t\t\t\t\t\t<section class=\"elementor-section elementor-top-section elementor-element elementor-element-f1f0356 elementor-section-boxed elementor-section-height-default elementor-section-height-default\" data-id=\"f1f0356\" data-element_type=\"section\" data-e-type=\"section\">\n\t\t\t\t\t\t<div class=\"elementor-container elementor-column-gap-default\">\n\t\t\t\t\t<div class=\"elementor-column elementor-col-100 elementor-top-column elementor-element elementor-element-49654c61\" data-id=\"49654c61\" data-element_type=\"column\" data-e-type=\"column\">\n\t\t\t<div class=\"elementor-widget-wrap elementor-element-populated\">\n\t\t\t\t\t\t<div class=\"elementor-element elementor-element-64cf9dac elementor-widget elementor-widget-heading\" data-id=\"64cf9dac\" data-element_type=\"widget\" data-e-type=\"widget\" data-widget_type=\"heading.default\">\n\t\t\t\t<div class=\"elementor-widget-container\">\n\t\t\t\t\t<h3 class=\"elementor-heading-title elementor-size-default\">Ocenieanie kszta\u0142tuj\u0105ce\n<\/h3>\t\t\t\t<\/div>\n\t\t\t\t<\/div>\n\t\t\t\t<div class=\"elementor-element elementor-element-506b63b3 elementor-widget elementor-widget-text-editor\" data-id=\"506b63b3\" data-element_type=\"widget\" data-e-type=\"widget\" data-widget_type=\"text-editor.default\">\n\t\t\t\t<div class=\"elementor-widget-container\">\n\t\t\t\t\t\t\t\t\t<p>P<b>roces monitorowania post\u0119p\u00f3w w nauce.<\/b><\/p><p>Pierwszy tekst o badaniach i zaletach oceniania kszta\u0142tuj\u0105cego pojawi\u0142 si\u0119 w Stanach Zjednoczonych w 1998 r. G\u0142\u00f3wnym has\u0142em OK sta\u0142o si\u0119: &#8222;Zamiana procesu nauczania ma uczenie si\u0119&#8221;. Pierwotnie OK zbudowane by\u0142o na czterech filarach:<\/p><ul><li>zadawanie pyta\u0144;<\/li><li>informacja zwrotna;<\/li><li>dzielenie sie z uczniami kryteriami;<\/li><li>samoocena.<\/li><\/ul>\t\t\t\t\t\t\t\t<\/div>\n\t\t\t\t<\/div>\n\t\t\t\t\t<\/div>\n\t\t<\/div>\n\t\t\t\t\t<\/div>\n\t\t<\/section>\n\t\t\t\t<section class=\"elementor-section elementor-top-section elementor-element elementor-element-23dccbf5 elementor-section-boxed elementor-section-height-default elementor-section-height-default\" data-id=\"23dccbf5\" data-element_type=\"section\" data-e-type=\"section\">\n\t\t\t\t\t\t<div class=\"elementor-container elementor-column-gap-default\">\n\t\t\t\t\t<div class=\"elementor-column elementor-col-100 elementor-top-column elementor-element elementor-element-2a59d11b\" data-id=\"2a59d11b\" data-element_type=\"column\" data-e-type=\"column\">\n\t\t\t<div class=\"elementor-widget-wrap elementor-element-populated\">\n\t\t\t\t\t\t<div class=\"elementor-element elementor-element-2f0dd6c elementor-widget-divider--separator-type-pattern elementor-widget-divider--view-line elementor-widget elementor-widget-divider\" data-id=\"2f0dd6c\" data-element_type=\"widget\" data-e-type=\"widget\" data-widget_type=\"divider.default\">\n\t\t\t\t<div class=\"elementor-widget-container\">\n\t\t\t\t\t\t\t<div class=\"elementor-divider\" style=\"--divider-pattern-url: url(&quot;data:image\/svg+xml,%3Csvg xmlns=&#039;http:\/\/www.w3.org\/2000\/svg&#039; preserveAspectRatio=&#039;none&#039; overflow=&#039;visible&#039; height=&#039;100%&#039; viewBox=&#039;0 0 24 24&#039; fill=&#039;none&#039; stroke=&#039;black&#039; stroke-width=&#039;3.7&#039; stroke-linecap=&#039;square&#039; stroke-miterlimit=&#039;10&#039;%3E%3Cpath d=&#039;M0,6c6,0,6,13,12,13S18,6,24,6&#039;\/%3E%3C\/svg%3E&quot;);\">\n\t\t\t<span class=\"elementor-divider-separator\">\n\t\t\t\t\t\t<\/span>\n\t\t<\/div>\n\t\t\t\t\t\t<\/div>\n\t\t\t\t<\/div>\n\t\t\t\t\t<\/div>\n\t\t<\/div>\n\t\t\t\t\t<\/div>\n\t\t<\/section>\n\t\t\t\t<section class=\"elementor-section elementor-top-section elementor-element elementor-element-3ea220dc elementor-section-boxed elementor-section-height-default elementor-section-height-default\" data-id=\"3ea220dc\" data-element_type=\"section\" data-e-type=\"section\">\n\t\t\t\t\t\t<div class=\"elementor-container elementor-column-gap-default\">\n\t\t\t\t\t<div class=\"elementor-column elementor-col-100 elementor-top-column elementor-element elementor-element-3d2683c2\" data-id=\"3d2683c2\" data-element_type=\"column\" data-e-type=\"column\">\n\t\t\t<div class=\"elementor-widget-wrap elementor-element-populated\">\n\t\t\t\t\t\t<div class=\"elementor-element elementor-element-4d56ac40 elementor-widget elementor-widget-heading\" data-id=\"4d56ac40\" data-element_type=\"widget\" data-e-type=\"widget\" data-widget_type=\"heading.default\">\n\t\t\t\t<div class=\"elementor-widget-container\">\n\t\t\t\t\t<h3 class=\"elementor-heading-title elementor-size-default\">Porozumiemie bez przemocy\n<\/h3>\t\t\t\t<\/div>\n\t\t\t\t<\/div>\n\t\t\t\t<div class=\"elementor-element elementor-element-570badbb elementor-widget elementor-widget-text-editor\" data-id=\"570badbb\" data-element_type=\"widget\" data-e-type=\"widget\" data-widget_type=\"text-editor.default\">\n\t\t\t\t<div class=\"elementor-widget-container\">\n\t\t\t\t\t\t\t\t\t<p><b>NVC &#8211; czyli Porozumienie bez Przemocy<\/b><\/p><p>Porozumienie bez Przemocy stworzone przez ameryka\u0144skiego psychologa Marshalla Rosenberga jest sposobem na postrzeganie \u015bwiata skupiaj\u0105c si\u0119 na potrzebach oraz uczuciach swoich i os\u00f3b z naszego otoczenia. Metoda opiera si\u0119 na czterech krokach pokazuj\u0105cych wszelkie relacje w zupe\u0142nie nowym \u015bwietle<\/p><ul><li>obserwacja &#8211; umiej\u0119tno\u015b\u0107 odr\u00f3\u017cnienia fakt\u00f3w od oceny<\/li><li>uczucia &#8211; uwa\u017cno\u015b\u0107 i samopoznanie<\/li><li>potrzeby &#8211; umiej\u0119tno\u015b\u0107 formu\u0142owania potrzeb jakie towarzysz\u0105 danej sytuacji<\/li><li>pro\u015bba &#8211; umiej\u0119tno\u015b\u0107 wypowiedzenia pro\u015bby, uwzgl\u0119dniaj\u0105c potrzeb\u0119 innych<\/li><\/ul>\t\t\t\t\t\t\t\t<\/div>\n\t\t\t\t<\/div>\n\t\t\t\t\t<\/div>\n\t\t<\/div>\n\t\t\t\t\t<\/div>\n\t\t<\/section>\n\t\t\t\t<section class=\"elementor-section elementor-top-section elementor-element elementor-element-649d85c3 elementor-section-boxed elementor-section-height-default elementor-section-height-default\" data-id=\"649d85c3\" data-element_type=\"section\" data-e-type=\"section\">\n\t\t\t\t\t\t<div class=\"elementor-container elementor-column-gap-default\">\n\t\t\t\t\t<div class=\"elementor-column elementor-col-100 elementor-top-column elementor-element elementor-element-479bd347\" data-id=\"479bd347\" data-element_type=\"column\" data-e-type=\"column\">\n\t\t\t<div class=\"elementor-widget-wrap elementor-element-populated\">\n\t\t\t\t\t\t<div class=\"elementor-element elementor-element-3d2ae204 elementor-widget-divider--separator-type-pattern elementor-widget-divider--view-line elementor-widget elementor-widget-divider\" data-id=\"3d2ae204\" data-element_type=\"widget\" data-e-type=\"widget\" data-widget_type=\"divider.default\">\n\t\t\t\t<div class=\"elementor-widget-container\">\n\t\t\t\t\t\t\t<div class=\"elementor-divider\" style=\"--divider-pattern-url: url(&quot;data:image\/svg+xml,%3Csvg xmlns=&#039;http:\/\/www.w3.org\/2000\/svg&#039; preserveAspectRatio=&#039;none&#039; overflow=&#039;visible&#039; height=&#039;100%&#039; viewBox=&#039;0 0 24 24&#039; fill=&#039;none&#039; stroke=&#039;black&#039; stroke-width=&#039;3.7&#039; stroke-linecap=&#039;square&#039; stroke-miterlimit=&#039;10&#039;%3E%3Cpath d=&#039;M0,6c6,0,6,13,12,13S18,6,24,6&#039;\/%3E%3C\/svg%3E&quot;);\">\n\t\t\t<span class=\"elementor-divider-separator\">\n\t\t\t\t\t\t<\/span>\n\t\t<\/div>\n\t\t\t\t\t\t<\/div>\n\t\t\t\t<\/div>\n\t\t\t\t\t<\/div>\n\t\t<\/div>\n\t\t\t\t\t<\/div>\n\t\t<\/section>\n\t\t\t\t<section class=\"elementor-section elementor-top-section elementor-element elementor-element-7308c20c elementor-section-boxed elementor-section-height-default elementor-section-height-default\" data-id=\"7308c20c\" data-element_type=\"section\" data-e-type=\"section\">\n\t\t\t\t\t\t<div class=\"elementor-container elementor-column-gap-default\">\n\t\t\t\t\t<div class=\"elementor-column elementor-col-100 elementor-top-column elementor-element elementor-element-2ffda83f\" data-id=\"2ffda83f\" data-element_type=\"column\" data-e-type=\"column\">\n\t\t\t<div class=\"elementor-widget-wrap elementor-element-populated\">\n\t\t\t\t\t\t<div class=\"elementor-element elementor-element-1e9dd616 elementor-widget elementor-widget-heading\" data-id=\"1e9dd616\" data-element_type=\"widget\" data-e-type=\"widget\" data-widget_type=\"heading.default\">\n\t\t\t\t<div class=\"elementor-widget-container\">\n\t\t\t\t\t<h3 class=\"elementor-heading-title elementor-size-default\">Tutoring<\/h3>\t\t\t\t<\/div>\n\t\t\t\t<\/div>\n\t\t\t\t<div class=\"elementor-element elementor-element-2d476a34 elementor-widget elementor-widget-text-editor\" data-id=\"2d476a34\" data-element_type=\"widget\" data-e-type=\"widget\" data-widget_type=\"text-editor.default\">\n\t\t\t\t<div class=\"elementor-widget-container\">\n\t\t\t\t\t\t\t\t\t<p><b>Metoda wspierania rozoju m\u0142odego cz\u0142owieka<\/b><\/p><p>Tutoring pochodzi z d\u0142ugiej tradycji organizowania systemu opiekun\u00f3w student\u00f3w na uniwersytetach w Oxford i Cambridge. W trudnym okresie dorastania bardzo wa\u017cna jest mo\u017cliwo\u015b\u0107 skonfrontowania si\u0119 m\u0142odego cz\u0142owieka z \u017cyczliwym doros\u0142y. Tak\u0105 mo\u017cliwo\u015b\u0107 daj\u0105 spotkania tutorskie, kt\u00f3re oparte s\u0105 na wzajemnym zaufaniu. Rol\u0105 Tutora jest wspieranie jego podopiecznego do samodzielnego rozwi\u0105zywania jego problem\u00f3w, tworzenia planu dzia\u0142ania i konfrontowania sie z trudn\u0105 rzeczywisto\u015bci\u0105.<\/p>\t\t\t\t\t\t\t\t<\/div>\n\t\t\t\t<\/div>\n\t\t\t\t\t<\/div>\n\t\t<\/div>\n\t\t\t\t\t<\/div>\n\t\t<\/section>\n\t\t\t\t<section class=\"elementor-section elementor-top-section elementor-element elementor-element-7837d293 elementor-section-boxed elementor-section-height-default elementor-section-height-default\" data-id=\"7837d293\" data-element_type=\"section\" data-e-type=\"section\">\n\t\t\t\t\t\t<div class=\"elementor-container elementor-column-gap-default\">\n\t\t\t\t\t<div class=\"elementor-column elementor-col-100 elementor-top-column elementor-element elementor-element-32100072\" data-id=\"32100072\" data-element_type=\"column\" data-e-type=\"column\">\n\t\t\t<div class=\"elementor-widget-wrap elementor-element-populated\">\n\t\t\t\t\t\t<div class=\"elementor-element elementor-element-2e6a4102 elementor-widget-divider--separator-type-pattern elementor-widget-divider--view-line elementor-widget elementor-widget-divider\" data-id=\"2e6a4102\" data-element_type=\"widget\" data-e-type=\"widget\" data-widget_type=\"divider.default\">\n\t\t\t\t<div class=\"elementor-widget-container\">\n\t\t\t\t\t\t\t<div class=\"elementor-divider\" style=\"--divider-pattern-url: url(&quot;data:image\/svg+xml,%3Csvg xmlns=&#039;http:\/\/www.w3.org\/2000\/svg&#039; preserveAspectRatio=&#039;none&#039; overflow=&#039;visible&#039; height=&#039;100%&#039; viewBox=&#039;0 0 24 24&#039; fill=&#039;none&#039; stroke=&#039;black&#039; stroke-width=&#039;3.7&#039; stroke-linecap=&#039;square&#039; stroke-miterlimit=&#039;10&#039;%3E%3Cpath d=&#039;M0,6c6,0,6,13,12,13S18,6,24,6&#039;\/%3E%3C\/svg%3E&quot;);\">\n\t\t\t<span class=\"elementor-divider-separator\">\n\t\t\t\t\t\t<\/span>\n\t\t<\/div>\n\t\t\t\t\t\t<\/div>\n\t\t\t\t<\/div>\n\t\t\t\t\t<\/div>\n\t\t<\/div>\n\t\t\t\t\t<\/div>\n\t\t<\/section>\n\t\t\t\t<section class=\"elementor-section elementor-top-section elementor-element elementor-element-3c90b7ac elementor-section-boxed elementor-section-height-default elementor-section-height-default\" data-id=\"3c90b7ac\" data-element_type=\"section\" data-e-type=\"section\">\n\t\t\t\t\t\t<div class=\"elementor-container elementor-column-gap-default\">\n\t\t\t\t\t<div class=\"elementor-column elementor-col-100 elementor-top-column elementor-element elementor-element-387fd5f1\" data-id=\"387fd5f1\" data-element_type=\"column\" data-e-type=\"column\">\n\t\t\t<div class=\"elementor-widget-wrap elementor-element-populated\">\n\t\t\t\t\t\t<div class=\"elementor-element elementor-element-79b2ef7e elementor-widget elementor-widget-heading\" data-id=\"79b2ef7e\" data-element_type=\"widget\" data-e-type=\"widget\" data-widget_type=\"heading.default\">\n\t\t\t\t<div class=\"elementor-widget-container\">\n\t\t\t\t\t<h3 class=\"elementor-heading-title elementor-size-default\">Metoda projektu<\/h3>\t\t\t\t<\/div>\n\t\t\t\t<\/div>\n\t\t\t\t<div class=\"elementor-element elementor-element-3d3f2b88 elementor-widget elementor-widget-text-editor\" data-id=\"3d3f2b88\" data-element_type=\"widget\" data-e-type=\"widget\" data-widget_type=\"text-editor.default\">\n\t\t\t\t<div class=\"elementor-widget-container\">\n\t\t\t\t\t\t\t\t\t<p><b>Metoda wspierania rozwoju m\u0142odego cz\u0142owieka<\/b><\/p><p>Za tw\u00f3rc\u0119 Metody Projektu, kt\u00f3ra powsta\u0142a w StanachZjednoczonych na poczatku XX w. uwa\u017ca si\u0119 Williama H. KilpatrickaG\u0142\u00f3wnym. Has\u0142em j\u0105 opisuj\u0105cym jest zasada, \u017ceby uczniowie samodzielnie zdobywali wiedz\u0119 w praktycznych sytuacjach i potrafili sami zweryfikowa\u0107 post\u0119py w czasie tego procesu.<\/p>\t\t\t\t\t\t\t\t<\/div>\n\t\t\t\t<\/div>\n\t\t\t\t\t<\/div>\n\t\t<\/div>\n\t\t\t\t\t<\/div>\n\t\t<\/section>\n\t\t\t\t<\/div>\n\t\t","protected":false},"excerpt":{"rendered":"<p>Ocenieanie kszta\u0142tuj\u0105ce Proces monitorowania post\u0119p\u00f3w w nauce. Pierwszy tekst o badaniach i zaletach oceniania kszta\u0142tuj\u0105cego pojawi\u0142 si\u0119 w Stanach Zjednoczonych w 1998 r. G\u0142\u00f3wnym has\u0142em OK sta\u0142o si\u0119: &#8222;Zamiana procesu nauczania ma uczenie si\u0119&#8221;. Pierwotnie OK zbudowane by\u0142o na czterech filarach: zadawanie pyta\u0144; informacja zwrotna; dzielenie sie z uczniami kryteriami; samoocena. Porozumiemie bez przemocy NVC &hellip;<\/p>\n<p class=\"read-more\"> <a class=\"\" href=\"https:\/\/wpress.mikron.edu.pl\/index.php\/slownik\/\"> <span class=\"screen-reader-text\">S\u0142ownik<\/span> Read More &raquo;<\/a><\/p>\n","protected":false},"author":1,"featured_media":0,"parent":0,"menu_order":0,"comment_status":"closed","ping_status":"closed","template":"","meta":{"_uag_custom_page_level_css":"","site-sidebar-layout":"no-sidebar","site-content-layout":"page-builder","ast-site-content-layout":"default","site-content-style":"default","site-sidebar-style":"default","ast-global-header-display":"","ast-banner-title-visibility":"","ast-main-header-display":"","ast-hfb-above-header-display":"","ast-hfb-below-header-display":"","ast-hfb-mobile-header-display":"","site-post-title":"disabled","ast-breadcrumbs-content":"","ast-featured-img":"disabled","footer-sml-layout":"","theme-transparent-header-meta":"","adv-header-id-meta":"","stick-header-meta":"","header-above-stick-meta":"","header-main-stick-meta":"","header-below-stick-meta":"","astra-migrate-meta-layouts":"set","footnotes":""},"class_list":["post-2167","page","type-page","status-publish","hentry"],"uagb_featured_image_src":{"full":false,"thumbnail":false,"medium":false,"medium_large":false,"large":false,"1536x1536":false,"2048x2048":false},"uagb_author_info":{"display_name":"admin","author_link":"https:\/\/wpress.mikron.edu.pl\/index.php\/author\/admin\/"},"uagb_comment_info":0,"uagb_excerpt":"Ocenieanie kszta\u0142tuj\u0105ce Proces monitorowania post\u0119p\u00f3w w nauce. Pierwszy tekst o badaniach i zaletach oceniania kszta\u0142tuj\u0105cego pojawi\u0142 si\u0119 w Stanach Zjednoczonych w 1998 r. G\u0142\u00f3wnym has\u0142em OK sta\u0142o si\u0119: &#8222;Zamiana procesu nauczania ma uczenie si\u0119&#8221;. Pierwotnie OK zbudowane by\u0142o na czterech filarach: zadawanie pyta\u0144; informacja zwrotna; dzielenie sie z uczniami kryteriami; samoocena. Porozumiemie bez przemocy NVC&hellip;","_links":{"self":[{"href":"https:\/\/wpress.mikron.edu.pl\/index.php\/wp-json\/wp\/v2\/pages\/2167","targetHints":{"allow":["GET"]}}],"collection":[{"href":"https:\/\/wpress.mikron.edu.pl\/index.php\/wp-json\/wp\/v2\/pages"}],"about":[{"href":"https:\/\/wpress.mikron.edu.pl\/index.php\/wp-json\/wp\/v2\/types\/page"}],"author":[{"embeddable":true,"href":"https:\/\/wpress.mikron.edu.pl\/index.php\/wp-json\/wp\/v2\/users\/1"}],"replies":[{"embeddable":true,"href":"https:\/\/wpress.mikron.edu.pl\/index.php\/wp-json\/wp\/v2\/comments?post=2167"}],"version-history":[{"count":13,"href":"https:\/\/wpress.mikron.edu.pl\/index.php\/wp-json\/wp\/v2\/pages\/2167\/revisions"}],"predecessor-version":[{"id":2219,"href":"https:\/\/wpress.mikron.edu.pl\/index.php\/wp-json\/wp\/v2\/pages\/2167\/revisions\/2219"}],"wp:attachment":[{"href":"https:\/\/wpress.mikron.edu.pl\/index.php\/wp-json\/wp\/v2\/media?parent=2167"}],"curies":[{"name":"wp","href":"https:\/\/api.w.org\/{rel}","templated":true}]}}