{"id":2021,"date":"2023-08-11T01:33:25","date_gmt":"2023-08-10T23:33:25","guid":{"rendered":"https:\/\/wpress.mikron.edu.pl\/?page_id=2021"},"modified":"2026-05-05T21:30:42","modified_gmt":"2026-05-05T19:30:42","slug":"o-nas","status":"publish","type":"page","link":"https:\/\/wpress.mikron.edu.pl\/index.php\/o-nas\/","title":{"rendered":"O nas"},"content":{"rendered":"\t\t<div data-elementor-type=\"wp-page\" data-elementor-id=\"2021\" class=\"elementor elementor-2021\">\n\t\t\t\t\t\t<section class=\"elementor-section elementor-top-section elementor-element elementor-element-d084eea elementor-section-boxed elementor-section-height-default elementor-section-height-default\" data-id=\"d084eea\" data-element_type=\"section\" data-e-type=\"section\">\n\t\t\t\t\t\t<div class=\"elementor-container elementor-column-gap-default\">\n\t\t\t\t\t<div class=\"elementor-column elementor-col-100 elementor-top-column elementor-element elementor-element-f15e69f\" data-id=\"f15e69f\" data-element_type=\"column\" data-e-type=\"column\">\n\t\t\t<div class=\"elementor-widget-wrap elementor-element-populated\">\n\t\t\t\t\t\t<div class=\"elementor-element elementor-element-69542f7 elementor-widget elementor-widget-heading\" data-id=\"69542f7\" data-element_type=\"widget\" data-e-type=\"widget\" data-widget_type=\"heading.default\">\n\t\t\t\t<div class=\"elementor-widget-container\">\n\t\t\t\t\t<h3 class=\"elementor-heading-title elementor-size-default\">Witamy na stronie SZK\u00d3\u0141 MIKRON\n<\/h3>\t\t\t\t<\/div>\n\t\t\t\t<\/div>\n\t\t\t\t<div class=\"elementor-element elementor-element-00d7f1e elementor-widget elementor-widget-text-editor\" data-id=\"00d7f1e\" data-element_type=\"widget\" data-e-type=\"widget\" data-widget_type=\"text-editor.default\">\n\t\t\t\t<div class=\"elementor-widget-container\">\n\t\t\t\t\t\t\t\t\t<p>Stawiamy na\u00a0<strong>Samodzielne My\u015blenie i Kreatywno\u015b\u0107:<\/strong><\/p><ul><li>stosujemy ocenianie kszta\u0142tuj\u0105ce;<\/li><li>pracujemy metod\u0105 projektu;<\/li><li>w\u0142\u0105czamy elementy gamifikacji;<\/li><li>rozwijamy samodzielno\u015b\u0107 w planowaniu w\u0142asnej nauki;<\/li><li>uczymy samooceny<\/li><\/ul>\t\t\t\t\t\t\t\t<\/div>\n\t\t\t\t<\/div>\n\t\t\t\t<div class=\"elementor-element elementor-element-2b8155b elementor-widget elementor-widget-text-editor\" data-id=\"2b8155b\" data-element_type=\"widget\" data-e-type=\"widget\" data-widget_type=\"text-editor.default\">\n\t\t\t\t<div class=\"elementor-widget-container\">\n\t\t\t\t\t\t\t\t\t<p>Jeste\u015bmy<strong>\u00a0&#8222;Zakodowani&#8221; na Rozw\u00f3j<\/strong>:<\/p><ul><li>programujemy i kodujemy od najm\u0142odszych klas;<\/li><li>dbamy o interdyscyplinarno\u015b\u0107 prowadzonych zaj\u0119\u0107;<\/li><li>kszta\u0142tujemy \u015bwiadomo\u015b\u0107 ekologiczn\u0105;<\/li><li>pomagamy budowa\u0107 samo\u015bwiadomo\u015b\u0107.<\/li><\/ul>\t\t\t\t\t\t\t\t<\/div>\n\t\t\t\t<\/div>\n\t\t\t\t<div class=\"elementor-element elementor-element-2a0229c elementor-widget elementor-widget-text-editor\" data-id=\"2a0229c\" data-element_type=\"widget\" data-e-type=\"widget\" data-widget_type=\"text-editor.default\">\n\t\t\t\t<div class=\"elementor-widget-container\">\n\t\t\t\t\t\t\t\t\t<p>Uczymy si\u0119\u00a0<span style=\"margin: 0px; padding: 0px; border: 0px; font-style: inherit; font-variant: inherit; font-weight: bolder; font-stretch: inherit; font-size: inherit; line-height: inherit; font-family: inherit; font-optical-sizing: inherit; font-kerning: inherit; font-feature-settings: inherit; font-variation-settings: inherit; vertical-align: baseline;\">\u017by\u0107 w Spo\u0142ecze\u0144stwie:<\/span><\/p><ul><li>dbamy o integracj\u0119 spo\u0142eczno\u015bci uczniowskiej;<\/li><li>korzystamy z narz\u0119dzi wykorzystywanych w mediacjach, NVC, TUS;<\/li><li>uczestniczymy w akcjach charytatywnych;<\/li><li>dajemy przestrze\u0144 do dzia\u0142a\u0144 w ramach samorz\u0105dno\u015bci.<\/li><\/ul>\t\t\t\t\t\t\t\t<\/div>\n\t\t\t\t<\/div>\n\t\t\t\t\t<\/div>\n\t\t<\/div>\n\t\t\t\t\t<\/div>\n\t\t<\/section>\n\t\t\t\t<section class=\"elementor-section elementor-top-section elementor-element elementor-element-8a36193 elementor-section-boxed elementor-section-height-default elementor-section-height-default\" data-id=\"8a36193\" data-element_type=\"section\" data-e-type=\"section\">\n\t\t\t\t\t\t<div class=\"elementor-container elementor-column-gap-default\">\n\t\t\t\t\t<div class=\"elementor-column elementor-col-100 elementor-top-column elementor-element elementor-element-284e976\" data-id=\"284e976\" data-element_type=\"column\" data-e-type=\"column\">\n\t\t\t<div class=\"elementor-widget-wrap elementor-element-populated\">\n\t\t\t\t\t\t<div class=\"elementor-element elementor-element-8da4725 elementor-widget-divider--separator-type-pattern elementor-widget-divider--view-line elementor-widget elementor-widget-divider\" data-id=\"8da4725\" data-element_type=\"widget\" data-e-type=\"widget\" data-widget_type=\"divider.default\">\n\t\t\t\t<div class=\"elementor-widget-container\">\n\t\t\t\t\t\t\t<div class=\"elementor-divider\" style=\"--divider-pattern-url: url(&quot;data:image\/svg+xml,%3Csvg xmlns=&#039;http:\/\/www.w3.org\/2000\/svg&#039; preserveAspectRatio=&#039;none&#039; overflow=&#039;visible&#039; height=&#039;100%&#039; viewBox=&#039;0 0 24 24&#039; fill=&#039;none&#039; stroke=&#039;black&#039; stroke-width=&#039;3.7&#039; stroke-linecap=&#039;square&#039; stroke-miterlimit=&#039;10&#039;%3E%3Cpath d=&#039;M0,6c6,0,6,13,12,13S18,6,24,6&#039;\/%3E%3C\/svg%3E&quot;);\">\n\t\t\t<span class=\"elementor-divider-separator\">\n\t\t\t\t\t\t<\/span>\n\t\t<\/div>\n\t\t\t\t\t\t<\/div>\n\t\t\t\t<\/div>\n\t\t\t\t\t<\/div>\n\t\t<\/div>\n\t\t\t\t\t<\/div>\n\t\t<\/section>\n\t\t\t\t<section class=\"elementor-section elementor-top-section elementor-element elementor-element-931ebd6 elementor-section-boxed elementor-section-height-default elementor-section-height-default\" data-id=\"931ebd6\" data-element_type=\"section\" data-e-type=\"section\">\n\t\t\t\t\t\t<div class=\"elementor-container elementor-column-gap-default\">\n\t\t\t\t\t<div class=\"elementor-column elementor-col-100 elementor-top-column elementor-element elementor-element-70773e9\" data-id=\"70773e9\" data-element_type=\"column\" data-e-type=\"column\">\n\t\t\t<div class=\"elementor-widget-wrap elementor-element-populated\">\n\t\t\t\t\t\t<div class=\"elementor-element elementor-element-bc97b14 elementor-widget elementor-widget-heading\" data-id=\"bc97b14\" data-element_type=\"widget\" data-e-type=\"widget\" data-widget_type=\"heading.default\">\n\t\t\t\t<div class=\"elementor-widget-container\">\n\t\t\t\t\t<h3 class=\"elementor-heading-title elementor-size-default\">Ostatnio wprowadzone INNOWACJE<\/h3>\t\t\t\t<\/div>\n\t\t\t\t<\/div>\n\t\t\t\t<div class=\"elementor-element elementor-element-f5450db elementor-widget elementor-widget-text-editor\" data-id=\"f5450db\" data-element_type=\"widget\" data-e-type=\"widget\" data-widget_type=\"text-editor.default\">\n\t\t\t\t<div class=\"elementor-widget-container\">\n\t\t\t\t\t\t\t\t\t<p>Klasa &#8222;SUPERNOWA&#8221; 1-3<\/p>\n<ul>\n<li>trzy roczniki uczni\u00f3w w klasie, dzi\u0119ki czemu uczymy si\u0119 od siebie<\/li>\n<li>praca we w\u0142asnym tempie<\/li>\n<li>rozszerzenie przedmiot\u00f3w artystycznych<\/li>\n<li>zaj\u0119cia buduj\u0105ce relacje, wsp\u00f3\u0142prac\u0119 i samo\u015bwiadomo\u015b\u0107<\/li>\n<\/ul>\t\t\t\t\t\t\t\t<\/div>\n\t\t\t\t<\/div>\n\t\t\t\t<div class=\"elementor-element elementor-element-6b0af18 elementor-widget elementor-widget-text-editor\" data-id=\"6b0af18\" data-element_type=\"widget\" data-e-type=\"widget\" data-widget_type=\"text-editor.default\">\n\t\t\t\t<div class=\"elementor-widget-container\">\n\t\t\t\t\t\t\t\t\t<p>Klasa &#8222;SUPERNOWA&#8221; 4-6<\/p><ul><li>trzy roczniki uczni\u00f3w w klasie, dzi\u0119ki czemu uczymy sie od siebie<\/li><li>cz\u0119\u015b\u0107 zaj\u0119\u0107 w sysytemie projektowym<\/li><li>rozszerzenie przedmiot\u00f3w artystycznych<\/li><li>zaj\u0119cia buduj\u0105ce relacje, wsp\u00f3\u0142prac\u0119 i samo\u015bwiadomo\u015b\u0107<\/li><\/ul>\t\t\t\t\t\t\t\t<\/div>\n\t\t\t\t<\/div>\n\t\t\t\t<div class=\"elementor-element elementor-element-355bee0 elementor-widget elementor-widget-text-editor\" data-id=\"355bee0\" data-element_type=\"widget\" data-e-type=\"widget\" data-widget_type=\"text-editor.default\">\n\t\t\t\t<div class=\"elementor-widget-container\">\n\t\t\t\t\t\t\t\t\t<p>Klasa &#8222;SUPERNOWA&#8221; 7-8<\/p><ul><li>dwa roczniki uczni\u00f3w w klasie, dzi\u0119ki czemu uczymy sie od siebie<\/li><li>cz\u0119\u015b\u0107 zaj\u0119\u0107 w sysytemie projektowym<\/li><li>dodatkowe zaj\u0119cia przygotowuj\u0105ce do egzaminu<\/li><li>zaj\u0119cia buduj\u0105ce relacje, wsp\u00f3\u0142prac\u0119 i samo\u015bwiadomo\u015b\u0107<\/li><\/ul>\t\t\t\t\t\t\t\t<\/div>\n\t\t\t\t<\/div>\n\t\t\t\t\t<\/div>\n\t\t<\/div>\n\t\t\t\t\t<\/div>\n\t\t<\/section>\n\t\t\t\t<section class=\"elementor-section elementor-top-section elementor-element elementor-element-7d2c0ad elementor-section-boxed elementor-section-height-default elementor-section-height-default\" data-id=\"7d2c0ad\" data-element_type=\"section\" data-e-type=\"section\">\n\t\t\t\t\t\t<div class=\"elementor-container elementor-column-gap-default\">\n\t\t\t\t\t<div class=\"elementor-column elementor-col-100 elementor-top-column elementor-element elementor-element-cbb5c48\" data-id=\"cbb5c48\" data-element_type=\"column\" data-e-type=\"column\">\n\t\t\t<div class=\"elementor-widget-wrap elementor-element-populated\">\n\t\t\t\t\t\t<div class=\"elementor-element elementor-element-d18364c elementor-widget-divider--separator-type-pattern elementor-widget-divider--view-line elementor-widget elementor-widget-divider\" data-id=\"d18364c\" data-element_type=\"widget\" data-e-type=\"widget\" data-widget_type=\"divider.default\">\n\t\t\t\t<div class=\"elementor-widget-container\">\n\t\t\t\t\t\t\t<div class=\"elementor-divider\" style=\"--divider-pattern-url: url(&quot;data:image\/svg+xml,%3Csvg xmlns=&#039;http:\/\/www.w3.org\/2000\/svg&#039; preserveAspectRatio=&#039;none&#039; overflow=&#039;visible&#039; height=&#039;100%&#039; viewBox=&#039;0 0 24 24&#039; fill=&#039;none&#039; stroke=&#039;black&#039; stroke-width=&#039;3.7&#039; stroke-linecap=&#039;square&#039; stroke-miterlimit=&#039;10&#039;%3E%3Cpath d=&#039;M0,6c6,0,6,13,12,13S18,6,24,6&#039;\/%3E%3C\/svg%3E&quot;);\">\n\t\t\t<span class=\"elementor-divider-separator\">\n\t\t\t\t\t\t<\/span>\n\t\t<\/div>\n\t\t\t\t\t\t<\/div>\n\t\t\t\t<\/div>\n\t\t\t\t\t<\/div>\n\t\t<\/div>\n\t\t\t\t\t<\/div>\n\t\t<\/section>\n\t\t\t\t<section class=\"elementor-section elementor-top-section elementor-element elementor-element-2335df3 elementor-section-boxed elementor-section-height-default elementor-section-height-default\" data-id=\"2335df3\" data-element_type=\"section\" data-e-type=\"section\">\n\t\t\t\t\t\t<div class=\"elementor-container elementor-column-gap-default\">\n\t\t\t\t\t<div class=\"elementor-column elementor-col-100 elementor-top-column elementor-element elementor-element-0f5a9d2\" data-id=\"0f5a9d2\" data-element_type=\"column\" data-e-type=\"column\">\n\t\t\t<div class=\"elementor-widget-wrap elementor-element-populated\">\n\t\t\t\t\t\t<div class=\"elementor-element elementor-element-3a5ab9a elementor-widget elementor-widget-heading\" data-id=\"3a5ab9a\" data-element_type=\"widget\" data-e-type=\"widget\" data-widget_type=\"heading.default\">\n\t\t\t\t<div class=\"elementor-widget-container\">\n\t\t\t\t\t<h3 class=\"elementor-heading-title elementor-size-default\">INNOWACYNJE rozwi\u0105zania w edukacji\n<\/h3>\t\t\t\t<\/div>\n\t\t\t\t<\/div>\n\t\t\t\t<div class=\"elementor-element elementor-element-9659134 elementor-widget elementor-widget-text-editor\" data-id=\"9659134\" data-element_type=\"widget\" data-e-type=\"widget\" data-widget_type=\"text-editor.default\">\n\t\t\t\t<div class=\"elementor-widget-container\">\n\t\t\t\t\t\t\t\t\t<ul><li>ocenianie kszta\u0142tuj\u0105ce zamiast ocen cz\u0105stkowych;<\/li><li>brak prac domowych w szkole podstawowej<\/li><li>zaj\u0119cia z ekologii<\/li><li>zaj\u0119cia wspomagaj\u0105ce umiej\u0119tno\u015bci interpersonalne<\/li><li>zaj\u0119cia rozwijaj\u0105ce umiej\u0119tno\u015bci muzyczne<\/li><li>w liceum przedmioty na poziomie podstwaowym prowadzone s\u0105 w formie projektu<\/li><li>w liceum przedmioty rozszerzone wybierane s\u0105 indywidualnie przez ucznia\/uczennic\u0119<\/li><\/ul>\t\t\t\t\t\t\t\t<\/div>\n\t\t\t\t<\/div>\n\t\t\t\t\t<\/div>\n\t\t<\/div>\n\t\t\t\t\t<\/div>\n\t\t<\/section>\n\t\t\t\t<section class=\"elementor-section elementor-top-section elementor-element elementor-element-58b12a03 elementor-section-boxed elementor-section-height-default elementor-section-height-default\" data-id=\"58b12a03\" data-element_type=\"section\" data-e-type=\"section\">\n\t\t\t\t\t\t<div class=\"elementor-container elementor-column-gap-default\">\n\t\t\t\t\t<div class=\"elementor-column elementor-col-100 elementor-top-column elementor-element elementor-element-7c9cf0fc\" data-id=\"7c9cf0fc\" data-element_type=\"column\" data-e-type=\"column\">\n\t\t\t<div class=\"elementor-widget-wrap elementor-element-populated\">\n\t\t\t\t\t\t<div class=\"elementor-element elementor-element-1ec26864 elementor-widget-divider--separator-type-pattern elementor-widget-divider--view-line elementor-widget elementor-widget-divider\" data-id=\"1ec26864\" data-element_type=\"widget\" data-e-type=\"widget\" data-widget_type=\"divider.default\">\n\t\t\t\t<div class=\"elementor-widget-container\">\n\t\t\t\t\t\t\t<div class=\"elementor-divider\" style=\"--divider-pattern-url: url(&quot;data:image\/svg+xml,%3Csvg xmlns=&#039;http:\/\/www.w3.org\/2000\/svg&#039; preserveAspectRatio=&#039;none&#039; overflow=&#039;visible&#039; height=&#039;100%&#039; viewBox=&#039;0 0 24 24&#039; fill=&#039;none&#039; stroke=&#039;black&#039; stroke-width=&#039;3.7&#039; stroke-linecap=&#039;square&#039; stroke-miterlimit=&#039;10&#039;%3E%3Cpath d=&#039;M0,6c6,0,6,13,12,13S18,6,24,6&#039;\/%3E%3C\/svg%3E&quot;);\">\n\t\t\t<span class=\"elementor-divider-separator\">\n\t\t\t\t\t\t<\/span>\n\t\t<\/div>\n\t\t\t\t\t\t<\/div>\n\t\t\t\t<\/div>\n\t\t\t\t\t<\/div>\n\t\t<\/div>\n\t\t\t\t\t<\/div>\n\t\t<\/section>\n\t\t\t\t<section class=\"elementor-section elementor-top-section elementor-element elementor-element-24038eb elementor-section-boxed elementor-section-height-default elementor-section-height-default\" data-id=\"24038eb\" data-element_type=\"section\" data-e-type=\"section\">\n\t\t\t\t\t\t<div class=\"elementor-container elementor-column-gap-default\">\n\t\t\t\t\t<div class=\"elementor-column elementor-col-100 elementor-top-column elementor-element elementor-element-b559f65\" data-id=\"b559f65\" data-element_type=\"column\" data-e-type=\"column\">\n\t\t\t<div class=\"elementor-widget-wrap elementor-element-populated\">\n\t\t\t\t\t\t<div class=\"elementor-element elementor-element-5c9b919 elementor-widget elementor-widget-heading\" data-id=\"5c9b919\" data-element_type=\"widget\" data-e-type=\"widget\" data-widget_type=\"heading.default\">\n\t\t\t\t<div class=\"elementor-widget-container\">\n\t\t\t\t\t<h3 class=\"elementor-heading-title elementor-size-default\">Historia szko\u0142y\n<\/h3>\t\t\t\t<\/div>\n\t\t\t\t<\/div>\n\t\t\t\t<div class=\"elementor-element elementor-element-3bcd9da elementor-widget elementor-widget-text-editor\" data-id=\"3bcd9da\" data-element_type=\"widget\" data-e-type=\"widget\" data-widget_type=\"text-editor.default\">\n\t\t\t\t<div class=\"elementor-widget-container\">\n\t\t\t\t\t\t\t\t\t<p>Pocz\u0105tek historii szk\u00f3\u0142 MIKRON si\u0119ga roku 1998, kiedy to powsta\u0142o Liceum Og\u00f3lnokszta\u0142c\u0105ce MIKRON dla doros\u0142ych. Za\u0142o\u017cycielk\u0105 i dyrektork\u0105 by\u0142a wieloletnia nauczycielka j\u0119zyka polskiego \u2013 El\u017cbieta Grzelakowska \u2013 Edelman. Plac\u00f3wka cieszy\u0142a si\u0119 du\u017c\u0105 popularno\u015bci\u0105 i w 2002 r. rozszerzyli\u015bmy swoj\u0105 dzia\u0142alno\u015b\u0107 o klasy gimnazjalne i I klas\u0119 liceum og\u00f3lnokszta\u0142c\u0105cego dla m\u0142odzie\u017cy.<br \/>Pierwsz\u0105 siedzib\u0105 szk\u00f3\u0142 dziennych by\u0142 zabytkowy budynek przy ulicy Leczniczej. A\u017c trudno sobie wyobrazi\u0107, \u017ce w czterech klasach nauk\u0119 rozpocz\u0119\u0142o zaledwie 20 uczni\u00f3w. Wrzesie\u0144 2005 roku przyni\u00f3s\u0142 kolejne wyzwania, rok szkolny rozpocz\u0105\u0142 si\u0119 w nowym budynku przy ul Pi\u0119knej, a do klas gimnazjalnych i licealnych do\u0142\u0105czy\u0142y klasy IV i V szko\u0142y podstawowej. Tak rozpocz\u0119\u0142a si\u0119 nasza przygoda z kompletem szk\u00f3\u0142 dla m\u0142odzie\u017cy.<br \/>W roku 2018 ponownie zmienilismy swoje miejsce, zadamawiaj\u0105c si\u0119 w budynku z upragniona sal\u0105 gimnastyczn\u0105 i przestrzeni\u0105, w kt\u00f3rej mo\u017cemy swobodnie rozwija\u0107 swoje pomys\u0142y.<br \/>Obecnie w szko\u0142ach MIKRON uczy si\u0119 ponad 200 uczni\u00f3w, od I klasy Szko\u0142y Podstawowej do IV klasy LO. Uczymy si\u0119 tu wszyscy. Uczniowie odkrywaj\u0105 zasady rz\u0105dz\u0105ce \u015awiatem, a my uczymy si\u0119 jak coraz skuteczniej pom\u00f3c im to odkrywa\u0107. Uczymy si\u0119 wzajemnego szacunku i tego jak bardzo ka\u017cdy z nas jest wyj\u0105tkowy.<\/p>\t\t\t\t\t\t\t\t<\/div>\n\t\t\t\t<\/div>\n\t\t\t\t\t<\/div>\n\t\t<\/div>\n\t\t\t\t\t<\/div>\n\t\t<\/section>\n\t\t\t\t<section class=\"elementor-section elementor-top-section elementor-element elementor-element-42fbee45 elementor-section-boxed elementor-section-height-default elementor-section-height-default\" data-id=\"42fbee45\" data-element_type=\"section\" data-e-type=\"section\">\n\t\t\t\t\t\t<div class=\"elementor-container elementor-column-gap-default\">\n\t\t\t\t\t<div class=\"elementor-column elementor-col-100 elementor-top-column elementor-element elementor-element-5c01b2e\" data-id=\"5c01b2e\" data-element_type=\"column\" data-e-type=\"column\">\n\t\t\t<div class=\"elementor-widget-wrap elementor-element-populated\">\n\t\t\t\t\t\t<div class=\"elementor-element elementor-element-6424b2ce elementor-widget-divider--separator-type-pattern elementor-widget-divider--view-line elementor-widget elementor-widget-divider\" data-id=\"6424b2ce\" data-element_type=\"widget\" data-e-type=\"widget\" data-widget_type=\"divider.default\">\n\t\t\t\t<div class=\"elementor-widget-container\">\n\t\t\t\t\t\t\t<div class=\"elementor-divider\" style=\"--divider-pattern-url: url(&quot;data:image\/svg+xml,%3Csvg xmlns=&#039;http:\/\/www.w3.org\/2000\/svg&#039; preserveAspectRatio=&#039;none&#039; overflow=&#039;visible&#039; height=&#039;100%&#039; viewBox=&#039;0 0 24 24&#039; fill=&#039;none&#039; stroke=&#039;black&#039; stroke-width=&#039;3.7&#039; stroke-linecap=&#039;square&#039; stroke-miterlimit=&#039;10&#039;%3E%3Cpath d=&#039;M0,6c6,0,6,13,12,13S18,6,24,6&#039;\/%3E%3C\/svg%3E&quot;);\">\n\t\t\t<span class=\"elementor-divider-separator\">\n\t\t\t\t\t\t<\/span>\n\t\t<\/div>\n\t\t\t\t\t\t<\/div>\n\t\t\t\t<\/div>\n\t\t\t\t\t<\/div>\n\t\t<\/div>\n\t\t\t\t\t<\/div>\n\t\t<\/section>\n\t\t\t\t<section class=\"elementor-section elementor-top-section elementor-element elementor-element-d6a355f elementor-section-boxed elementor-section-height-default elementor-section-height-default\" data-id=\"d6a355f\" data-element_type=\"section\" data-e-type=\"section\">\n\t\t\t\t\t\t<div class=\"elementor-container elementor-column-gap-default\">\n\t\t\t\t\t<div class=\"elementor-column elementor-col-100 elementor-top-column elementor-element elementor-element-9ff8a5d\" data-id=\"9ff8a5d\" data-element_type=\"column\" data-e-type=\"column\">\n\t\t\t<div class=\"elementor-widget-wrap elementor-element-populated\">\n\t\t\t\t\t\t<div class=\"elementor-element elementor-element-5cf6e62 elementor-widget elementor-widget-heading\" data-id=\"5cf6e62\" data-element_type=\"widget\" data-e-type=\"widget\" data-widget_type=\"heading.default\">\n\t\t\t\t<div class=\"elementor-widget-container\">\n\t\t\t\t\t<h3 class=\"elementor-heading-title elementor-size-default\">Przedmioty w szkole\n<\/h3>\t\t\t\t<\/div>\n\t\t\t\t<\/div>\n\t\t\t\t<div class=\"elementor-element elementor-element-5a410d3 elementor-widget elementor-widget-text-editor\" data-id=\"5a410d3\" data-element_type=\"widget\" data-e-type=\"widget\" data-widget_type=\"text-editor.default\">\n\t\t\t\t<div class=\"elementor-widget-container\">\n\t\t\t\t\t\t\t\t\t<p>Pamietaj\u0105c, \u017ce ka\u017cdy ucze\u0144 ma sw\u00f3j spos\u00f3b pojmowania \u015bwiata, i \u017ce musi umie\u0107 wsp\u00f3lpracowa\u0107 z innym, prowadzimy cz\u0119\u015b\u0107 zaj\u0119\u0107 w ca\u0142ych klasach a cz\u0119\u015b\u0107 z podzia\u0142em na grupy.<br \/>Najm\u0142odszym uczniom pokazujemy ca\u0142y wachlarz zaj\u0119\u0107 aby mogli w p\u00f3\u017aniejszych latach wybra\u0107 to co im najbardziej odpowiada.<br \/>W klasach starszych szko\u0142y podstawowej wprowadzamy mo\u017cliwo\u015b\u0107 wyboru niekt\u00f3rych zaj\u0119\u0107 czy przedmiot\u00f3w.<br \/>Liceali\u015bci natomiast mog\u0105 sobie sami utworzy\u0107 sw\u00f3j profil wybieraj\u0105c przedmioty potrzebne do dalszej nauki<br \/><br \/>Poni\u017cej przedstawiamy schemat prowadzonych zaj\u0119\u0107:<\/p>\t\t\t\t\t\t\t\t<\/div>\n\t\t\t\t<\/div>\n\t\t\t\t<div class=\"elementor-element elementor-element-16b61b4 elementor-widget elementor-widget-image\" data-id=\"16b61b4\" data-element_type=\"widget\" data-e-type=\"widget\" data-widget_type=\"image.default\">\n\t\t\t\t<div class=\"elementor-widget-container\">\n\t\t\t\t\t\t\t\t\t\t\t\t\t\t\t<img fetchpriority=\"high\" decoding=\"async\" width=\"1024\" height=\"1024\" src=\"https:\/\/wpress.mikron.edu.pl\/wp-content\/uploads\/2023\/08\/schemat2-1024x1024.png\" class=\"attachment-large size-large wp-image-2028\" alt=\"\" srcset=\"https:\/\/wpress.mikron.edu.pl\/wp-content\/uploads\/2023\/08\/schemat2-1024x1024.png 1024w, https:\/\/wpress.mikron.edu.pl\/wp-content\/uploads\/2023\/08\/schemat2-300x300.png 300w, https:\/\/wpress.mikron.edu.pl\/wp-content\/uploads\/2023\/08\/schemat2-150x150.png 150w, https:\/\/wpress.mikron.edu.pl\/wp-content\/uploads\/2023\/08\/schemat2-768x768.png 768w, https:\/\/wpress.mikron.edu.pl\/wp-content\/uploads\/2023\/08\/schemat2-1536x1536.png 1536w, https:\/\/wpress.mikron.edu.pl\/wp-content\/uploads\/2023\/08\/schemat2-2048x2048.png 2048w\" sizes=\"(max-width: 1024px) 100vw, 1024px\" \/>\t\t\t\t\t\t\t\t\t\t\t\t\t\t\t<\/div>\n\t\t\t\t<\/div>\n\t\t\t\t\t<\/div>\n\t\t<\/div>\n\t\t\t\t\t<\/div>\n\t\t<\/section>\n\t\t\t\t<\/div>\n\t\t","protected":false},"excerpt":{"rendered":"<p>Witamy na stronie SZK\u00d3\u0141 MIKRON Stawiamy na\u00a0Samodzielne My\u015blenie i Kreatywno\u015b\u0107: stosujemy ocenianie kszta\u0142tuj\u0105ce; pracujemy metod\u0105 projektu; w\u0142\u0105czamy elementy gamifikacji; rozwijamy samodzielno\u015b\u0107 w planowaniu w\u0142asnej nauki; uczymy samooceny Jeste\u015bmy\u00a0&#8222;Zakodowani&#8221; na Rozw\u00f3j: programujemy i kodujemy od najm\u0142odszych klas; dbamy o interdyscyplinarno\u015b\u0107 prowadzonych zaj\u0119\u0107; kszta\u0142tujemy \u015bwiadomo\u015b\u0107 ekologiczn\u0105; pomagamy budowa\u0107 samo\u015bwiadomo\u015b\u0107. Uczymy si\u0119\u00a0\u017by\u0107 w Spo\u0142ecze\u0144stwie: dbamy o integracj\u0119 spo\u0142eczno\u015bci &hellip;<\/p>\n<p class=\"read-more\"> <a class=\"\" href=\"https:\/\/wpress.mikron.edu.pl\/index.php\/o-nas\/\"> <span class=\"screen-reader-text\">O nas<\/span> Read More &raquo;<\/a><\/p>\n","protected":false},"author":1,"featured_media":0,"parent":0,"menu_order":0,"comment_status":"closed","ping_status":"closed","template":"","meta":{"_uag_custom_page_level_css":"","site-sidebar-layout":"no-sidebar","site-content-layout":"page-builder","ast-site-content-layout":"","site-content-style":"default","site-sidebar-style":"default","ast-global-header-display":"","ast-banner-title-visibility":"","ast-main-header-display":"","ast-hfb-above-header-display":"","ast-hfb-below-header-display":"","ast-hfb-mobile-header-display":"","site-post-title":"disabled","ast-breadcrumbs-content":"","ast-featured-img":"disabled","footer-sml-layout":"","theme-transparent-header-meta":"","adv-header-id-meta":"","stick-header-meta":"","header-above-stick-meta":"","header-main-stick-meta":"","header-below-stick-meta":"","astra-migrate-meta-layouts":"","footnotes":""},"class_list":["post-2021","page","type-page","status-publish","hentry"],"uagb_featured_image_src":{"full":false,"thumbnail":false,"medium":false,"medium_large":false,"large":false,"1536x1536":false,"2048x2048":false},"uagb_author_info":{"display_name":"admin","author_link":"https:\/\/wpress.mikron.edu.pl\/index.php\/author\/admin\/"},"uagb_comment_info":0,"uagb_excerpt":"Witamy na stronie SZK\u00d3\u0141 MIKRON Stawiamy na\u00a0Samodzielne My\u015blenie i Kreatywno\u015b\u0107: stosujemy ocenianie kszta\u0142tuj\u0105ce; pracujemy metod\u0105 projektu; w\u0142\u0105czamy elementy gamifikacji; rozwijamy samodzielno\u015b\u0107 w planowaniu w\u0142asnej nauki; uczymy samooceny Jeste\u015bmy\u00a0&#8222;Zakodowani&#8221; na Rozw\u00f3j: programujemy i kodujemy od najm\u0142odszych klas; dbamy o interdyscyplinarno\u015b\u0107 prowadzonych zaj\u0119\u0107; kszta\u0142tujemy \u015bwiadomo\u015b\u0107 ekologiczn\u0105; pomagamy budowa\u0107 samo\u015bwiadomo\u015b\u0107. Uczymy si\u0119\u00a0\u017by\u0107 w Spo\u0142ecze\u0144stwie: dbamy o integracj\u0119 spo\u0142eczno\u015bci&hellip;","_links":{"self":[{"href":"https:\/\/wpress.mikron.edu.pl\/index.php\/wp-json\/wp\/v2\/pages\/2021","targetHints":{"allow":["GET"]}}],"collection":[{"href":"https:\/\/wpress.mikron.edu.pl\/index.php\/wp-json\/wp\/v2\/pages"}],"about":[{"href":"https:\/\/wpress.mikron.edu.pl\/index.php\/wp-json\/wp\/v2\/types\/page"}],"author":[{"embeddable":true,"href":"https:\/\/wpress.mikron.edu.pl\/index.php\/wp-json\/wp\/v2\/users\/1"}],"replies":[{"embeddable":true,"href":"https:\/\/wpress.mikron.edu.pl\/index.php\/wp-json\/wp\/v2\/comments?post=2021"}],"version-history":[{"count":41,"href":"https:\/\/wpress.mikron.edu.pl\/index.php\/wp-json\/wp\/v2\/pages\/2021\/revisions"}],"predecessor-version":[{"id":2312,"href":"https:\/\/wpress.mikron.edu.pl\/index.php\/wp-json\/wp\/v2\/pages\/2021\/revisions\/2312"}],"wp:attachment":[{"href":"https:\/\/wpress.mikron.edu.pl\/index.php\/wp-json\/wp\/v2\/media?parent=2021"}],"curies":[{"name":"wp","href":"https:\/\/api.w.org\/{rel}","templated":true}]}}